{"id":75,"date":"2015-10-23T08:49:09","date_gmt":"2015-10-23T06:49:09","guid":{"rendered":"http:\/\/blog.0link.net\/?page_id=75"},"modified":"2015-10-23T08:49:09","modified_gmt":"2015-10-23T06:49:09","slug":"notrufsim","status":"publish","type":"page","link":"https:\/\/blog.0link.net\/index.php\/notrufsim\/","title":{"rendered":"NotrufSim"},"content":{"rendered":"<p>In dieser Serie\u00a0beschreibe ich quasi live die Entwicklung einer kleinen Telefonanlage zur Simulation von Notrufgespr\u00e4chen.<\/p>\n<p>Es kommen regelm\u00e4\u00dfig weitere Teile hinzu, wenn ich dem Projekt\u00a0weitere Funktionen hinzuf\u00fcge.<\/p>\n<h5>Fertige Teile<\/h5>\n<p><a href=\"http:\/\/blog.0link.net\/index.php\/2015\/10\/18\/notrufsimulator\/\">(1) Idee<\/a><\/p>\n<p><a href=\"http:\/\/blog.0link.net\/index.php\/2015\/10\/19\/notrufsim-2-umsetzung\/\">(2) Umsetzung<\/a><\/p>\n<p><a href=\"http:\/\/blog.0link.net\/index.php\/2015\/10\/21\/notrufsim-3-wlan-ap-mit-dhcp\/\">(3) WLAN-AP mit DHCP<\/a><\/p>\n<p><a href=\"http:\/\/blog.0link.net\/index.php\/2015\/10\/22\/notrufsim-4-optimierung-netzwerk\/\">(4) Optimierung Netzwerk<\/a><\/p>\n<p><a href=\"http:\/\/blog.0link.net\/index.php\/2015\/10\/22\/notrufsim-5-lan-funktion-umschaltbar\/\">(5) LAN-Funktion umschaltbar<\/a><\/p>\n<h5>ToDo-Liste<\/h5>\n<ol>\n<li>Erstellen der Webanwendung f\u00fcr\n<ol>\n<li>Abruf der Aufzeichnungen<\/li>\n<li>Steuerung des Systems<\/li>\n<li>Anzeige von Statusinformationen<\/li>\n<\/ol>\n<\/li>\n<\/ol>\n","protected":false},"excerpt":{"rendered":"<p>In dieser Serie\u00a0beschreibe ich quasi live die Entwicklung einer kleinen Telefonanlage zur Simulation von Notrufgespr\u00e4chen. Es kommen regelm\u00e4\u00dfig weitere Teile hinzu, wenn ich dem Projekt\u00a0weitere Funktionen hinzuf\u00fcge. Fertige Teile (1) Idee (2) Umsetzung (3) WLAN-AP mit DHCP (4) Optimierung Netzwerk (5) LAN-Funktion umschaltbar ToDo-Liste Erstellen der Webanwendung f\u00fcr Abruf der Aufzeichnungen Steuerung des Systems Anzeige &hellip; <a href=\"https:\/\/blog.0link.net\/index.php\/notrufsim\/\" class=\"more-link\"><span class=\"screen-reader-text\">NotrufSim<\/span> weiterlesen <span class=\"meta-nav\">&rarr;<\/span><\/a><\/p>\n","protected":false},"author":1,"featured_media":0,"parent":0,"menu_order":0,"comment_status":"closed","ping_status":"closed","template":"","meta":[],"_links":{"self":[{"href":"https:\/\/blog.0link.net\/index.php\/wp-json\/wp\/v2\/pages\/75"}],"collection":[{"href":"https:\/\/blog.0link.net\/index.php\/wp-json\/wp\/v2\/pages"}],"about":[{"href":"https:\/\/blog.0link.net\/index.php\/wp-json\/wp\/v2\/types\/page"}],"author":[{"embeddable":true,"href":"https:\/\/blog.0link.net\/index.php\/wp-json\/wp\/v2\/users\/1"}],"replies":[{"embeddable":true,"href":"https:\/\/blog.0link.net\/index.php\/wp-json\/wp\/v2\/comments?post=75"}],"version-history":[{"count":2,"href":"https:\/\/blog.0link.net\/index.php\/wp-json\/wp\/v2\/pages\/75\/revisions"}],"predecessor-version":[{"id":77,"href":"https:\/\/blog.0link.net\/index.php\/wp-json\/wp\/v2\/pages\/75\/revisions\/77"}],"wp:attachment":[{"href":"https:\/\/blog.0link.net\/index.php\/wp-json\/wp\/v2\/media?parent=75"}],"curies":[{"name":"wp","href":"https:\/\/api.w.org\/{rel}","templated":true}]}}