{"id":271,"date":"2025-10-12T16:34:23","date_gmt":"2025-10-12T14:34:23","guid":{"rendered":"http:\/\/blog.0link.net\/?page_id=271"},"modified":"2025-10-13T20:53:14","modified_gmt":"2025-10-13T18:53:14","slug":"mesh-netzwerke","status":"publish","type":"page","link":"https:\/\/blog.0link.net\/index.php\/mesh-netzwerke\/","title":{"rendered":"Mesh*irgendwas &#8230; vermaschen ist der neue Trend"},"content":{"rendered":"\n<p>Ich kannte Mesh nur aus meiner Fritzbox, bei der sich die WLAN-Repeater miteinander vermeshen und damit der Durchsatz besser und die Verbindung stabiler werden soll.<\/p>\n\n\n\n<p>Im Fr\u00fchjahr kam dann ein Funkfreund aus Uslar mit dem Thema Meshtastic auf mich zu und weil ich ja gerne Neues probiere, ohne so richtig zu wissen wof\u00fcr ich es mal brauchen k\u00f6nnte, kaufte ich mir erstmal zwei passende Endger\u00e4te.<\/p>\n\n\n\n<h2>Die Idee hinter Mesh-Netzwerken<\/h2>\n\n\n\n<p>Unsere Kommunikationsinfrastruktur (Telefon &amp; Internet) ist in Krisen, Katastrophen oder Stromausf\u00e4llen wenn \u00fcberhaupt nur zeitlich begrenzt verf\u00fcgbar. Damit fallen nicht nur f\u00fcr uns allt\u00e4gliche Nachrichtenwege, sondern auch scheinbar sichere Notrufwege weg.<\/p>\n\n\n\n<p>Es braucht also Alternativen, die wenig kosten, f\u00fcr jedermann zug\u00e4nglich sind und in Krisenf\u00e4llen &#8211; insbesondere bei Stromausfall &#8211; m\u00f6glichst lange funktionieren.<\/p>\n\n\n\n<p>Als eine Option hat sich in den letzten Jahren Technik auf Basis von Lora-WAN entwickelt &#8230; die Idee: viele Ger\u00e4te mit geringer Sendeleistung senden im so genannten ISM-Band (anmelde-, lizenz- und geb\u00fchrenfrei) und werden von m\u00f6glichst vielen Ger\u00e4ten empfangen &#8230; eine Technik die bisher vor allem im IoT-Bereich f\u00fcr Telemetrie-Anwendungen genutzt wird, weil sie eben g\u00fcnstig und energiesparende Anbindungen erm\u00f6glicht.<\/p>\n\n\n\n<p>Auf dieser Basis hat sich dann zum Beispiel Meshtastic entwickelt &#8230; kleine Mini-Datenfunkger\u00e4te senden und empfangen im ISM-Band Standorte, Telemetriedaten und dank einer Smartphone-App auch pers\u00f6nliche und Gruppennachrichten. Die kleinen Datenfunkger\u00e4te (Nodes genannt) vernetzen sich dabei untereinander und bilden so ein dynamisches Netzwerk, dass keine extern Infrastruktur und damit auch kein Internet braucht. <\/p>\n\n\n\n<p>In den folgenden Beitr\u00e4gen geht es um die Hardware, Meshtastic und Meshcore und was man am Ende damit erreichen kann. <\/p>\n\n\n<ul class=\"wp-block-latest-posts wp-block-latest-posts__list\"><li><a href=\"https:\/\/blog.0link.net\/index.php\/2025\/10\/13\/mesh-hardware-heltec-v3\/\">Hardware: Heltec V3<\/a><\/li>\n<li><a href=\"https:\/\/blog.0link.net\/index.php\/2025\/10\/13\/meshtastic-reichweite\/\">Meshtastic &#8211; Reichweite<\/a><\/li>\n<li><a href=\"https:\/\/blog.0link.net\/index.php\/2025\/10\/13\/meshtastic-vernetzung\/\">Meshtastic &#8211; Vernetzung<\/a><\/li>\n<li><a href=\"https:\/\/blog.0link.net\/index.php\/2025\/10\/13\/meshtastic-vs-meshcore\/\">Meshtastic &#8211; oder doch was anderes?<\/a><\/li>\n<li><a href=\"https:\/\/blog.0link.net\/index.php\/2025\/10\/13\/erste-versuche-im-meshcore\/\">Meshcore &#8211; Tag 1<\/a><\/li>\n<li><a href=\"https:\/\/blog.0link.net\/index.php\/2025\/10\/13\/meshcore-was-ist-das\/\">MeshCore &#8211; was ist das?<\/a><\/li>\n<li><a href=\"https:\/\/blog.0link.net\/index.php\/2025\/10\/13\/meshcore-erstes-fazit\/\">MeshCore &#8211; erstes Fazit<\/a><\/li>\n<\/ul>\n\n\n<p><\/p>\n","protected":false},"excerpt":{"rendered":"<p>Ich kannte Mesh nur aus meiner Fritzbox, bei der sich die WLAN-Repeater miteinander vermeshen und damit der Durchsatz besser und die Verbindung stabiler werden soll. Im Fr\u00fchjahr kam dann ein Funkfreund aus Uslar mit dem Thema Meshtastic auf mich zu und weil ich ja gerne Neues probiere, ohne so richtig zu wissen wof\u00fcr ich es &hellip; <a href=\"https:\/\/blog.0link.net\/index.php\/mesh-netzwerke\/\" class=\"more-link\"><span class=\"screen-reader-text\">Mesh*irgendwas &#8230; vermaschen ist der neue Trend<\/span> weiterlesen <span class=\"meta-nav\">&rarr;<\/span><\/a><\/p>\n","protected":false},"author":1,"featured_media":0,"parent":0,"menu_order":0,"comment_status":"closed","ping_status":"closed","template":"","meta":[],"_links":{"self":[{"href":"https:\/\/blog.0link.net\/index.php\/wp-json\/wp\/v2\/pages\/271"}],"collection":[{"href":"https:\/\/blog.0link.net\/index.php\/wp-json\/wp\/v2\/pages"}],"about":[{"href":"https:\/\/blog.0link.net\/index.php\/wp-json\/wp\/v2\/types\/page"}],"author":[{"embeddable":true,"href":"https:\/\/blog.0link.net\/index.php\/wp-json\/wp\/v2\/users\/1"}],"replies":[{"embeddable":true,"href":"https:\/\/blog.0link.net\/index.php\/wp-json\/wp\/v2\/comments?post=271"}],"version-history":[{"count":4,"href":"https:\/\/blog.0link.net\/index.php\/wp-json\/wp\/v2\/pages\/271\/revisions"}],"predecessor-version":[{"id":303,"href":"https:\/\/blog.0link.net\/index.php\/wp-json\/wp\/v2\/pages\/271\/revisions\/303"}],"wp:attachment":[{"href":"https:\/\/blog.0link.net\/index.php\/wp-json\/wp\/v2\/media?parent=271"}],"curies":[{"name":"wp","href":"https:\/\/api.w.org\/{rel}","templated":true}]}}