{"id":223,"date":"2020-11-07T08:05:57","date_gmt":"2020-11-07T07:05:57","guid":{"rendered":"http:\/\/blog.0link.net\/?page_id=223"},"modified":"2020-11-07T08:30:06","modified_gmt":"2020-11-07T07:30:06","slug":"ich-baue-eine-brandmeldeanlage","status":"publish","type":"page","link":"https:\/\/blog.0link.net\/index.php\/ich-baue-eine-brandmeldeanlage\/","title":{"rendered":"Ich baue eine Brandmeldeanlage"},"content":{"rendered":"\n<p><em>&#8222;Hey, daf\u00fcr gibt es Fachfirmen&#8220;<\/em> &#8230; ja richtig, aber <strong>meine<\/strong> Brandmeldeanlage dient ja auch nicht der Sicherheit &#8211; sie ist ein Schulungsprojekt.<\/p>\n\n\n\n<p>Inspiriert durch einen Ausbildungsdienst bei der Feuerwehr, in dem es um die Bedienung einer solchen Anlage aus Sicht des Feuerwehrmannes ging, kam der Gedanke, dass es ja eigentlich kein Hexenwerk sein d\u00fcrfte, die Grundfunktionen und Abl\u00e4ufe einer Anlage nachzubilden, um diese f\u00fcr \u00dcbungen und Ausbildungen nutzen zu k\u00f6nnen.<\/p>\n\n\n\n<p>Ein bekannter Feuerwehrmann hatte bereits eine Anlage auf Basis Raspberry mit Arduino gebaut und einen \u00e4hnlichen Ansatz soll auch mein Projekt haben.<\/p>\n\n\n\n<p><em>&#8222;Warum willst Du denn das bauen, wenn das schon ein anderer gebaut hat?&#8220;<\/em> &#8230; gute Frage &#8211; neben der sp\u00e4teren Nutzung f\u00fcr Aus- und Fortbildung steht f\u00fcr mich auch die technische Umsetzung mit eigener Hard- und Software als Lernziel auf dem Plan, aber dazu sp\u00e4ter mehr.<\/p>\n\n\n\n<h2>Gedanken zur Umsetzung<\/h2>\n\n\n\n<p>So eine Brandmeldeanlage ist in der Realit\u00e4t ein komplexes System aus verschiedenen Bedienelementen, einer zentralen Steuerung und eben den verschiedenen Meldern. &#8222;Echte&#8220; Anlagen werden nach DIN 14675 geplant, gebaut und betrieben, denn sie m\u00fcssen neben dem Brandschutz auch die strengen Bedingungen der Versicherer erf\u00fcllen.<\/p>\n\n\n\n<p>Da meine Brandmeldeanlage nicht der fr\u00fchen Erkennung von Br\u00e4nden dienen soll, werde ich die DIN mit F\u00fc\u00dfen treten und VdS-Richtlinien ignorieren &#8211; man m\u00f6ge mir das verzeihen. Der Fokus meiner Anlage soll auf den Bedienelementen und Abl\u00e4ufen f\u00fcr die Feuerwehr liegen, daher sollten mindestens das Feuerwehrbedienfeld und das Feuerwehranzeigetableau originale Elemente sein.<\/p>\n\n\n\n<div class=\"wp-block-image is-style-default\"><figure class=\"aligncenter size-large\"><img loading=\"lazy\" width=\"512\" height=\"384\" src=\"https:\/\/blog.0link.net\/wp-content\/uploads\/2020\/11\/512px-FeuerwehrBedienfeld.jpg\" alt=\"Das Bild zeigt ein Feuerwehr-Bedienfeld aufgenommen in der BMA des Hessischen Staatstheaterts in Wiesbaden\n\n27 September 2007 Timo Frese unter CC BY-SA 3.0\" class=\"wp-image-224\" srcset=\"https:\/\/blog.0link.net\/wp-content\/uploads\/2020\/11\/512px-FeuerwehrBedienfeld.jpg 512w, https:\/\/blog.0link.net\/wp-content\/uploads\/2020\/11\/512px-FeuerwehrBedienfeld-300x225.jpg 300w\" sizes=\"(max-width: 512px) 100vw, 512px\" \/><\/figure><\/div>\n\n\n\n<p>Des weiteren sollte das Projekt<\/p>\n\n\n\n<ul><li>auf Raspberry Pi mit Python laufen<\/li><li>die wesentlichen Funktionen und Bedienungen originalgetreu erm\u00f6glichen<\/li><li>alle Ein- und Ausg\u00e4nge \u00fcber einen MQTT-Broker laufen<\/li><li>mit originaler Hardware an den f\u00fcr Feuerwehr relevanten Stellen arbeiten (FBF, FAT, FSD und FSE)<\/li><\/ul>\n\n\n\n<p>Bei den Meldern k\u00f6nnten alternativ zu originaler Hardware auch Nachbauten oder funktionale Komponenten (Schalter\/Taster) zum Einsatz kommen, da diese Elemente mit Ausnahme von Handdruckmeldern nicht f\u00fcr die Bedienung durch die Feuerwehr vorgesehen sind.<\/p>\n\n\n\n<p>F\u00fcr das eigentliche Herzst\u00fcck der Anlage &#8211; die Brandmeldezentrale &#8211; wird lediglich eine Visualisierung und eine Minimalbedienung (z.B. die R\u00fcckstellung durch Betreiber) ben\u00f6tigt, da auch hier die Feuerwehr \u00fcblicherweise nicht t\u00e4tig werden muss.<\/p>\n\n\n\n<p>Nun aber erstmal ein bisschen Recherche, wie so eine Anlage \u00fcberhaupt funktioniert und welche Tasten und L\u00e4mpchen uns dabei als Feuerwehr so begegnen und dann geht es weiter &#8230;<\/p>\n\n\n<ul class=\"wp-block-latest-posts wp-block-latest-posts__list\"><li><a href=\"https:\/\/blog.0link.net\/index.php\/2020\/11\/07\/bedienelemente\/\">1. Bedienelemente<\/a><\/li>\n<li><a href=\"https:\/\/blog.0link.net\/index.php\/2020\/11\/07\/raspberry-pi-mosquitto-und-node-red\/\">2. Raspberry Pi, Mosquitto und Node-RED<\/a><\/li>\n<li><a href=\"https:\/\/blog.0link.net\/index.php\/2020\/11\/07\/c-der-arduino-und-ich\/\">3. C++, der ARDUINO und ich<\/a><\/li>\n<li><a href=\"https:\/\/blog.0link.net\/index.php\/2020\/11\/07\/raspberry-python-und-i2c\/\">4. Raspberry, Python und I2C<\/a><\/li>\n<li><a href=\"https:\/\/blog.0link.net\/index.php\/2020\/11\/07\/eine-i2c-mqtt-schnittstelle\/\">5. eine I2C-MQTT-Schnittstelle<\/a><\/li>\n<li><a href=\"https:\/\/blog.0link.net\/index.php\/2020\/11\/07\/vom-ereignis-zum-alarm-aus-der-logik-einer-bma\/\">7. Vom Ereignis zum Alarm &#8211; aus der Logik einer BMA<\/a><\/li>\n<\/ul>\n\n\n<p><\/p>\n","protected":false},"excerpt":{"rendered":"<p>&#8222;Hey, daf\u00fcr gibt es Fachfirmen&#8220; &#8230; ja richtig, aber meine Brandmeldeanlage dient ja auch nicht der Sicherheit &#8211; sie ist ein Schulungsprojekt. Inspiriert durch einen Ausbildungsdienst bei der Feuerwehr, in dem es um die Bedienung einer solchen Anlage aus Sicht des Feuerwehrmannes ging, kam der Gedanke, dass es ja eigentlich kein Hexenwerk sein d\u00fcrfte, die &hellip; <a href=\"https:\/\/blog.0link.net\/index.php\/ich-baue-eine-brandmeldeanlage\/\" class=\"more-link\"><span class=\"screen-reader-text\">Ich baue eine Brandmeldeanlage<\/span> weiterlesen <span class=\"meta-nav\">&rarr;<\/span><\/a><\/p>\n","protected":false},"author":1,"featured_media":0,"parent":0,"menu_order":0,"comment_status":"closed","ping_status":"closed","template":"","meta":[],"_links":{"self":[{"href":"https:\/\/blog.0link.net\/index.php\/wp-json\/wp\/v2\/pages\/223"}],"collection":[{"href":"https:\/\/blog.0link.net\/index.php\/wp-json\/wp\/v2\/pages"}],"about":[{"href":"https:\/\/blog.0link.net\/index.php\/wp-json\/wp\/v2\/types\/page"}],"author":[{"embeddable":true,"href":"https:\/\/blog.0link.net\/index.php\/wp-json\/wp\/v2\/users\/1"}],"replies":[{"embeddable":true,"href":"https:\/\/blog.0link.net\/index.php\/wp-json\/wp\/v2\/comments?post=223"}],"version-history":[{"count":5,"href":"https:\/\/blog.0link.net\/index.php\/wp-json\/wp\/v2\/pages\/223\/revisions"}],"predecessor-version":[{"id":230,"href":"https:\/\/blog.0link.net\/index.php\/wp-json\/wp\/v2\/pages\/223\/revisions\/230"}],"wp:attachment":[{"href":"https:\/\/blog.0link.net\/index.php\/wp-json\/wp\/v2\/media?parent=223"}],"curies":[{"name":"wp","href":"https:\/\/api.w.org\/{rel}","templated":true}]}}